{"id":1749,"date":"2023-04-27T10:32:56","date_gmt":"2023-04-27T10:32:56","guid":{"rendered":"https:\/\/parkobello.de\/extraleistungen\/"},"modified":"2023-04-27T10:32:56","modified_gmt":"2023-04-27T10:32:56","slug":"extraleistungen","status":"publish","type":"page","link":"https:\/\/parkobello.de\/en\/extraleistungen\/","title":{"rendered":"Extraleistungen"},"content":{"rendered":"<h1>Extraleistungen<\/h1>\n<h4>\n\t\t\t\t\t\tFlex-Versicherung \u27a1 7,50 \u20ac<br \/>\n\t\t\t\t<\/h4>\n<p>\n\t\t\t\t\t\t<br \/>\u2022&nbsp; Ihre Buchung ist jederzeit kostenlos stornierbar -Ihre Buchung ist \u00e4nderbar (*Uhrzeit )<br \/>\u2022&nbsp; R\u00fcckerstattung der kompletten Summe (Kein Gutschein)<br \/>\u2022&nbsp; Keine Nachtzuschl\u00e4ge &amp; \u00dcberziehungsgeb\u00fchren bei Flugversp\u00e4tung <br \/>\u2022&nbsp; Wenn Sie stornieren m\u00f6chten, senden Sie bitte eine E-Mail an info@parkobello.de, um eine 100%ige Geld-zur\u00fcck-Garantie zu erhalten.\t\t\t\t\t<\/p>\n<h4>\n\t\t\t\t\t\tBlitz Check-in! \u27a1 15,00 \u20ac<br \/>\n\t\t\t\t<\/h4>\n<p>\n\t\t\t\t\t\t\u2022&nbsp; Bequemes Parken und schnelles Einchecken. Sie brauchen Ihr Auto nicht zu parken. Das \u00fcbernehmen wir f\u00fcr Sie. <br \/>\u2022&nbsp; Parken Sie Ihr Auto an der Rezeption, und wir parken es sicher im UG. <br \/>\u2022  Wenn Sie zur\u00fcckkommen, steht Ihr Auto im Erdgeschoss f\u00fcr Sie bereit. <\/p>\n<p>(Bitte beachten Sie, dass Sie bei diesem Upgrade die Schl\u00fcssel abgeben m\u00fcssen.)\t\t\t\t\t<\/p>\n<h4>\n\t\t\t\t\t\tFahrzeugreinigung<br \/>\n\t\t\t\t<\/h4>\n<p>\n\t\t\t\t\t\tSanfte Handw\u00e4sche vor Ort durch unseren professionellen Partner. Hinweis: F\u00fcr gr\u00f6\u00dfere oder besonders verschmutzte Fahrzeuge k\u00f6nnen zus\u00e4tzliche Geb\u00fchren anfallen. Weitere Einzelheiten finden Sie auf unserer Dienstleistungsseite.<\/p>\n<p><b>\u27a1 Au\u00dfenw\u00e4sche @ 35,00 \u20ac<br \/>\u27a1 Innenreinigung @ 55,00 \u20ac<br \/>\u27a1 Au\u00dfen- &amp; Innenreinigung @ 85,00 \u20ac<\/b><\/p>\n<p><u>HINWEIS<br \/><\/u>\u2022  Aufpreis ab 10,00\u20ac f\u00fcr SUV\u00b4s \/ Van\u00b4s \/ 7-Sitzer.<br \/>\u2022 Der letztendliche Preis richtet sich nach dem individuell besprochenem Programm, sowie der Gr\u00f6\u00dfe und dem Verschmutzungsgrad des Fahrzeuges. Der Aufpreis hierf\u00fcr liegt bei 15,00 &#8211; 20,00\u20ac.<br \/>\u2022 F\u00fcr vorherige Sch\u00e4den \u00fcbernehmen wir keinerlei Haftung.\t\t\t\t\t<\/p>\n<h4>\n\t\t\t\t\t\tTankservice \u27a1 15,00 \u20ac + Benzinkosten<br \/>\n\t\t\t\t<\/h4>\n<p>\n\t\t\t\t\t\tDer Preis versteht sich nur f\u00fcr den Service. Die Geb\u00fchren f\u00fcr Kraftstoffe selbst, werden beim auschecken in Rechnung gestellt.\t\t\t\t\t<\/p>\n","protected":false},"excerpt":{"rendered":"<p>Extraleistungen Flex-Versicherung \u27a1 7,50 \u20ac \u2022&nbsp; Ihre Buchung ist jederzeit kostenlos stornierbar -Ihre Buchung ist \u00e4nderbar (*Uhrzeit )\u2022&nbsp; R\u00fcckerstattung der kompletten Summe (Kein Gutschein)\u2022&nbsp; Keine Nachtzuschl\u00e4ge &amp; \u00dcberziehungsgeb\u00fchren bei Flugversp\u00e4tung \u2022&nbsp; Wenn Sie stornieren m\u00f6chten, senden Sie bitte eine E-Mail an info@parkobello.de, um eine 100%ige Geld-zur\u00fcck-Garantie zu erhalten. Blitz Check-in! \u27a1 15,00 \u20ac \u2022&nbsp; Bequemes [&hellip;]<\/p>\n","protected":false},"author":1,"featured_media":0,"parent":0,"menu_order":0,"comment_status":"closed","ping_status":"closed","template":"","meta":{"tpgb_global_settings":"","footnotes":""},"class_list":["post-1749","page","type-page","status-publish","hentry"],"yoast_head":"<!-- This site is optimized with the Yoast SEO plugin v26.1.1 - https:\/\/yoast.com\/wordpress\/plugins\/seo\/ -->\n<title>Extraleistungen - Parkobello<\/title>\n<meta name=\"robots\" content=\"index, follow, max-snippet:-1, max-image-preview:large, max-video-preview:-1\" \/>\n<link rel=\"canonical\" href=\"https:\/\/parkobello.de\/en\/extraleistungen\/\" \/>\n<meta property=\"og:locale\" content=\"en_US\" \/>\n<meta property=\"og:type\" content=\"article\" \/>\n<meta property=\"og:title\" content=\"Extraleistungen - Parkobello\" \/>\n<meta property=\"og:description\" content=\"Extraleistungen Flex-Versicherung \u27a1 7,50 \u20ac \u2022&nbsp; Ihre Buchung ist jederzeit kostenlos stornierbar -Ihre Buchung ist \u00e4nderbar (*Uhrzeit )\u2022&nbsp; R\u00fcckerstattung der kompletten Summe (Kein Gutschein)\u2022&nbsp; Keine Nachtzuschl\u00e4ge &amp; \u00dcberziehungsgeb\u00fchren bei Flugversp\u00e4tung \u2022&nbsp; Wenn Sie stornieren m\u00f6chten, senden Sie bitte eine E-Mail an info@parkobello.de, um eine 100%ige Geld-zur\u00fcck-Garantie zu erhalten. Blitz Check-in! \u27a1 15,00 \u20ac \u2022&nbsp; Bequemes [&hellip;]\" \/>\n<meta property=\"og:url\" content=\"https:\/\/parkobello.de\/en\/extraleistungen\/\" \/>\n<meta property=\"og:site_name\" content=\"Parkobello\" \/>\n<meta name=\"twitter:card\" content=\"summary_large_image\" \/>\n<meta name=\"twitter:label1\" content=\"Est. reading time\" \/>\n\t<meta name=\"twitter:data1\" content=\"1 minute\" \/>\n<script type=\"application\/ld+json\" class=\"yoast-schema-graph\">{\"@context\":\"https:\/\/schema.org\",\"@graph\":[{\"@type\":\"WebPage\",\"@id\":\"https:\/\/parkobello.de\/en\/extraleistungen\/\",\"url\":\"https:\/\/parkobello.de\/en\/extraleistungen\/\",\"name\":\"Extraleistungen - Parkobello\",\"isPartOf\":{\"@id\":\"https:\/\/parkobello.de\/#website\"},\"datePublished\":\"2023-04-27T10:32:56+00:00\",\"breadcrumb\":{\"@id\":\"https:\/\/parkobello.de\/en\/extraleistungen\/#breadcrumb\"},\"inLanguage\":\"en-US\",\"potentialAction\":[{\"@type\":\"ReadAction\",\"target\":[\"https:\/\/parkobello.de\/en\/extraleistungen\/\"]}]},{\"@type\":\"BreadcrumbList\",\"@id\":\"https:\/\/parkobello.de\/en\/extraleistungen\/#breadcrumb\",\"itemListElement\":[{\"@type\":\"ListItem\",\"position\":1,\"name\":\"Startseite\",\"item\":\"https:\/\/parkobello.de\/en\/\"},{\"@type\":\"ListItem\",\"position\":2,\"name\":\"Extraleistungen\"}]},{\"@type\":\"WebSite\",\"@id\":\"https:\/\/parkobello.de\/#website\",\"url\":\"https:\/\/parkobello.de\/\",\"name\":\"Parkobello\",\"description\":\"Parkhaus An der Gehespitz\",\"publisher\":{\"@id\":\"https:\/\/parkobello.de\/#organization\"},\"potentialAction\":[{\"@type\":\"SearchAction\",\"target\":{\"@type\":\"EntryPoint\",\"urlTemplate\":\"https:\/\/parkobello.de\/?s={search_term_string}\"},\"query-input\":{\"@type\":\"PropertyValueSpecification\",\"valueRequired\":true,\"valueName\":\"search_term_string\"}}],\"inLanguage\":\"en-US\"},{\"@type\":\"Organization\",\"@id\":\"https:\/\/parkobello.de\/#organization\",\"name\":\"Parkobello\",\"url\":\"https:\/\/parkobello.de\/\",\"logo\":{\"@type\":\"ImageObject\",\"inLanguage\":\"en-US\",\"@id\":\"https:\/\/parkobello.de\/#\/schema\/logo\/image\/\",\"url\":\"https:\/\/parkobello.de\/wp-content\/uploads\/2022\/05\/cropped-POB_Logo_FINAL_mitUnterschrift-01.png\",\"contentUrl\":\"https:\/\/parkobello.de\/wp-content\/uploads\/2022\/05\/cropped-POB_Logo_FINAL_mitUnterschrift-01.png\",\"width\":2084,\"height\":596,\"caption\":\"Parkobello\"},\"image\":{\"@id\":\"https:\/\/parkobello.de\/#\/schema\/logo\/image\/\"}}]}<\/script>\n<!-- \/ Yoast SEO plugin. -->","yoast_head_json":{"title":"Extraleistungen - Parkobello","robots":{"index":"index","follow":"follow","max-snippet":"max-snippet:-1","max-image-preview":"max-image-preview:large","max-video-preview":"max-video-preview:-1"},"canonical":"https:\/\/parkobello.de\/en\/extraleistungen\/","og_locale":"en_US","og_type":"article","og_title":"Extraleistungen - Parkobello","og_description":"Extraleistungen Flex-Versicherung \u27a1 7,50 \u20ac \u2022&nbsp; Ihre Buchung ist jederzeit kostenlos stornierbar -Ihre Buchung ist \u00e4nderbar (*Uhrzeit )\u2022&nbsp; R\u00fcckerstattung der kompletten Summe (Kein Gutschein)\u2022&nbsp; Keine Nachtzuschl\u00e4ge &amp; \u00dcberziehungsgeb\u00fchren bei Flugversp\u00e4tung \u2022&nbsp; Wenn Sie stornieren m\u00f6chten, senden Sie bitte eine E-Mail an info@parkobello.de, um eine 100%ige Geld-zur\u00fcck-Garantie zu erhalten. Blitz Check-in! \u27a1 15,00 \u20ac \u2022&nbsp; Bequemes [&hellip;]","og_url":"https:\/\/parkobello.de\/en\/extraleistungen\/","og_site_name":"Parkobello","twitter_card":"summary_large_image","twitter_misc":{"Est. reading time":"1 minute"},"schema":{"@context":"https:\/\/schema.org","@graph":[{"@type":"WebPage","@id":"https:\/\/parkobello.de\/en\/extraleistungen\/","url":"https:\/\/parkobello.de\/en\/extraleistungen\/","name":"Extraleistungen - Parkobello","isPartOf":{"@id":"https:\/\/parkobello.de\/#website"},"datePublished":"2023-04-27T10:32:56+00:00","breadcrumb":{"@id":"https:\/\/parkobello.de\/en\/extraleistungen\/#breadcrumb"},"inLanguage":"en-US","potentialAction":[{"@type":"ReadAction","target":["https:\/\/parkobello.de\/en\/extraleistungen\/"]}]},{"@type":"BreadcrumbList","@id":"https:\/\/parkobello.de\/en\/extraleistungen\/#breadcrumb","itemListElement":[{"@type":"ListItem","position":1,"name":"Startseite","item":"https:\/\/parkobello.de\/en\/"},{"@type":"ListItem","position":2,"name":"Extraleistungen"}]},{"@type":"WebSite","@id":"https:\/\/parkobello.de\/#website","url":"https:\/\/parkobello.de\/","name":"Parkobello","description":"Parkhaus An der Gehespitz","publisher":{"@id":"https:\/\/parkobello.de\/#organization"},"potentialAction":[{"@type":"SearchAction","target":{"@type":"EntryPoint","urlTemplate":"https:\/\/parkobello.de\/?s={search_term_string}"},"query-input":{"@type":"PropertyValueSpecification","valueRequired":true,"valueName":"search_term_string"}}],"inLanguage":"en-US"},{"@type":"Organization","@id":"https:\/\/parkobello.de\/#organization","name":"Parkobello","url":"https:\/\/parkobello.de\/","logo":{"@type":"ImageObject","inLanguage":"en-US","@id":"https:\/\/parkobello.de\/#\/schema\/logo\/image\/","url":"https:\/\/parkobello.de\/wp-content\/uploads\/2022\/05\/cropped-POB_Logo_FINAL_mitUnterschrift-01.png","contentUrl":"https:\/\/parkobello.de\/wp-content\/uploads\/2022\/05\/cropped-POB_Logo_FINAL_mitUnterschrift-01.png","width":2084,"height":596,"caption":"Parkobello"},"image":{"@id":"https:\/\/parkobello.de\/#\/schema\/logo\/image\/"}}]}},"tpgb_featured_images":null,"tpgb_post_meta_info":{"get_date":"April 27, 2023","get_modified_date":"April 27, 2023","author_name":"KortneyKwongHing","author_url":"https:\/\/parkobello.de\/en\/author\/kortneykwonghing\/","author_email":"kkw@airpark.one","author_website":"https:\/\/parkobello.de","author_description":"","author_facebook":"","author_twitter":"","author_instagram":"","author_role":["administrator"],"author_firstname":"","author_lastname":"","user_login":"KortneyKwongHing","author_avatar":"<img alt='' src='https:\/\/secure.gravatar.com\/avatar\/8fbd0b15334fb69cc2731a7d68cba49748de0df5a92c0b4a851e00f135429f6b?s=200&#038;d=mm&#038;r=g' srcset='https:\/\/secure.gravatar.com\/avatar\/8fbd0b15334fb69cc2731a7d68cba49748de0df5a92c0b4a851e00f135429f6b?s=400&#038;d=mm&#038;r=g 2x' class='avatar avatar-200 photo' height='200' width='200' decoding='async'\/>","author_avatar_url":"https:\/\/secure.gravatar.com\/avatar\/8fbd0b15334fb69cc2731a7d68cba49748de0df5a92c0b4a851e00f135429f6b?s=96&d=mm&r=g","comment_count":0,"post_likes":0,"post_views":0},"tpgb_post_category":[],"_links":{"self":[{"href":"https:\/\/parkobello.de\/en\/wp-json\/wp\/v2\/pages\/1749","targetHints":{"allow":["GET"]}}],"collection":[{"href":"https:\/\/parkobello.de\/en\/wp-json\/wp\/v2\/pages"}],"about":[{"href":"https:\/\/parkobello.de\/en\/wp-json\/wp\/v2\/types\/page"}],"author":[{"embeddable":true,"href":"https:\/\/parkobello.de\/en\/wp-json\/wp\/v2\/users\/1"}],"replies":[{"embeddable":true,"href":"https:\/\/parkobello.de\/en\/wp-json\/wp\/v2\/comments?post=1749"}],"version-history":[{"count":0,"href":"https:\/\/parkobello.de\/en\/wp-json\/wp\/v2\/pages\/1749\/revisions"}],"wp:attachment":[{"href":"https:\/\/parkobello.de\/en\/wp-json\/wp\/v2\/media?parent=1749"}],"curies":[{"name":"wp","href":"https:\/\/api.w.org\/{rel}","templated":true}]}}